{"id":54,"date":"2026-03-10T14:41:05","date_gmt":"2026-03-10T12:41:05","guid":{"rendered":"https:\/\/tinygiant.fi\/?page_id=54"},"modified":"2026-03-11T14:37:10","modified_gmt":"2026-03-11T12:37:10","slug":"case-ukonhauta-oy","status":"publish","type":"page","link":"https:\/\/tinygiant.fi\/index.php\/case-ukonhauta-oy\/","title":{"rendered":"Case &#8211; Ukonhauta Oy"},"content":{"rendered":"<style>.kb-row-layout-id54_aad228-dc > .kt-row-column-wrap{align-content:center;}:where(.kb-row-layout-id54_aad228-dc > .kt-row-column-wrap) > .wp-block-kadence-column{justify-content:center;}.kb-row-layout-id54_aad228-dc > .kt-row-column-wrap{column-gap:var(--global-kb-gap-lg, 4rem);row-gap:var(--global-kb-gap-none, 0rem );max-width:var( --global-content-width, 1290px );padding-left:var(--global-content-edge-padding);padding-right:var(--global-content-edge-padding);padding-bottom:var(--global-kb-spacing-3xl, 6.5rem);grid-template-columns:minmax(0, calc(55% - ((var(--global-kb-gap-lg, 4rem) * 1 )\/2)))minmax(0, calc(45% - ((var(--global-kb-gap-lg, 4rem) * 1 )\/2)));}.kb-row-layout-id54_aad228-dc{background-image:linear-gradient(90deg,var(--global-palette7,#EDF2F7) 65%,var(--global-palette9,#ffffff) 65%);}.kb-row-layout-id54_aad228-dc > .kt-row-layout-overlay{opacity:1;}@media all and (max-width: 1024px){.kb-row-layout-id54_aad228-dc > .kt-row-column-wrap{column-gap:var(--global-kb-gap-md, 2rem);padding-top:var(--global-kb-spacing-3xl, 6.5rem);padding-bottom:var(--global-kb-spacing-3xl, 6.5rem);grid-template-columns:repeat(2, minmax(0, 1fr));}}@media all and (max-width: 767px){.kb-row-layout-id54_aad228-dc > .kt-row-column-wrap{padding-top:var(--global-kb-spacing-3xl, 6.5rem);padding-bottom:var(--global-kb-spacing-xl, 4rem);grid-template-columns:minmax(0, 1fr);}}<\/style><div class=\"kb-row-layout-wrap kb-row-layout-id54_aad228-dc alignfull has-theme-palette8-background-color kt-row-has-bg wp-block-kadence-rowlayout\"><div class=\"kt-row-column-wrap kt-has-2-columns kt-row-layout-equal kt-tab-layout-inherit kt-mobile-layout-row kt-row-valign-middle kb-theme-content-width\">\n<style>.kadence-column54_aa80cd-ea > .kt-inside-inner-col,.kadence-column54_aa80cd-ea > .kt-inside-inner-col:before{border-top-left-radius:0px;border-top-right-radius:0px;border-bottom-right-radius:0px;border-bottom-left-radius:0px;}.kadence-column54_aa80cd-ea > .kt-inside-inner-col{column-gap:var(--global-kb-gap-sm, 1rem);}.kadence-column54_aa80cd-ea > .kt-inside-inner-col{flex-direction:column;}.kadence-column54_aa80cd-ea > .kt-inside-inner-col > .aligncenter{width:100%;}.kadence-column54_aa80cd-ea > .kt-inside-inner-col:before{opacity:0.3;}.kadence-column54_aa80cd-ea{position:relative;}@media all and (max-width: 1024px){.kadence-column54_aa80cd-ea > .kt-inside-inner-col{padding-right:0px;flex-direction:column;justify-content:center;}}@media all and (max-width: 1024px){.kadence-column54_aa80cd-ea{text-align:center;}}@media all and (max-width: 767px){.kadence-column54_aa80cd-ea > .kt-inside-inner-col{flex-direction:column;justify-content:center;}.kadence-column54_aa80cd-ea, .kt-inside-inner-col > .kadence-column54_aa80cd-ea:not(.specificity){margin-bottom:var(--global-kb-spacing-md, 2rem);}}<\/style>\n<div class=\"wp-block-kadence-column kadence-column54_aa80cd-ea kb-section-dir-vertical inner-column-1\"><div class=\"kt-inside-inner-col\"><style>.wp-block-kadence-advancedheading.kt-adv-heading54_6ed237-ed, .wp-block-kadence-advancedheading.kt-adv-heading54_6ed237-ed[data-kb-block=\"kb-adv-heading54_6ed237-ed\"]{margin-top:0px;margin-bottom:var(--global-kb-spacing-lg, 3rem);font-size:var(--global-kb-font-size-xxl, 4rem);line-height:1.2;font-style:normal;}.wp-block-kadence-advancedheading.kt-adv-heading54_6ed237-ed mark.kt-highlight, .wp-block-kadence-advancedheading.kt-adv-heading54_6ed237-ed[data-kb-block=\"kb-adv-heading54_6ed237-ed\"] mark.kt-highlight{font-style:normal;color:#f76a0c;-webkit-box-decoration-break:clone;box-decoration-break:clone;padding-top:0px;padding-right:0px;padding-bottom:0px;padding-left:0px;}.wp-block-kadence-advancedheading.kt-adv-heading54_6ed237-ed img.kb-inline-image, .wp-block-kadence-advancedheading.kt-adv-heading54_6ed237-ed[data-kb-block=\"kb-adv-heading54_6ed237-ed\"] img.kb-inline-image{width:150px;vertical-align:baseline;}@media all and (max-width: 1024px){.wp-block-kadence-advancedheading.kt-adv-heading54_6ed237-ed, .wp-block-kadence-advancedheading.kt-adv-heading54_6ed237-ed[data-kb-block=\"kb-adv-heading54_6ed237-ed\"]{font-size:var(--global-kb-font-size-lg, 2rem);text-align:left!important;}}<\/style>\n<h1 class=\"kt-adv-heading54_6ed237-ed wp-block-kadence-advancedheading\" data-kb-block=\"kb-adv-heading54_6ed237-ed\">Ukonhauta selvitt\u00e4\u00e4 \u00f6ljyisten vesien vastaanottopisteen mahdollisuuksia \u2013 kehityshanke sai rahoituksen<\/h1>\n\n\n<style>.wp-block-kadence-advancedheading.kt-adv-heading54_8fa341-ff, .wp-block-kadence-advancedheading.kt-adv-heading54_8fa341-ff[data-kb-block=\"kb-adv-heading54_8fa341-ff\"]{font-style:normal;}.wp-block-kadence-advancedheading.kt-adv-heading54_8fa341-ff mark.kt-highlight, .wp-block-kadence-advancedheading.kt-adv-heading54_8fa341-ff[data-kb-block=\"kb-adv-heading54_8fa341-ff\"] mark.kt-highlight{font-style:normal;color:#f76a0c;-webkit-box-decoration-break:clone;box-decoration-break:clone;padding-top:0px;padding-right:0px;padding-bottom:0px;padding-left:0px;}.wp-block-kadence-advancedheading.kt-adv-heading54_8fa341-ff img.kb-inline-image, .wp-block-kadence-advancedheading.kt-adv-heading54_8fa341-ff[data-kb-block=\"kb-adv-heading54_8fa341-ff\"] img.kb-inline-image{width:150px;vertical-align:baseline;}@media all and (max-width: 1024px){.wp-block-kadence-advancedheading.kt-adv-heading54_8fa341-ff, .wp-block-kadence-advancedheading.kt-adv-heading54_8fa341-ff[data-kb-block=\"kb-adv-heading54_8fa341-ff\"]{text-align:left!important;}}<\/style>\n<p class=\"kt-adv-heading54_8fa341-ff wp-block-kadence-advancedheading has-theme-palette-4-color has-text-color\" data-kb-block=\"kb-adv-heading54_8fa341-ff\">Ukonhauta Oy selvitti mahdollisuuksia rakentaa \u00f6ljyisten vesien vastaanottopiste alueen yritysten tarpeisiin. Selvityshankkeessa tarkasteltiin markkinapotentiaalia, toimintamallia ja investoinnin edellytyksi\u00e4. Hankkeen valmistelussa yritys teki yhteisty\u00f6t\u00e4 TinyGiant Oy:n kanssa.<\/p>\n<\/div><\/div>\n\n\n<style>.kadence-column54_e1928e-52 > .kt-inside-inner-col,.kadence-column54_e1928e-52 > .kt-inside-inner-col:before{border-top-left-radius:0px;border-top-right-radius:0px;border-bottom-right-radius:0px;border-bottom-left-radius:0px;}.kadence-column54_e1928e-52 > .kt-inside-inner-col{column-gap:var(--global-kb-gap-sm, 1rem);}.kadence-column54_e1928e-52 > .kt-inside-inner-col{flex-direction:column;}.kadence-column54_e1928e-52 > .kt-inside-inner-col > .aligncenter{width:100%;}.kadence-column54_e1928e-52 > .kt-inside-inner-col:before{opacity:0.3;}.kadence-column54_e1928e-52{position:relative;}@media all and (max-width: 1024px){.kadence-column54_e1928e-52 > .kt-inside-inner-col{flex-direction:column;justify-content:center;}}@media all and (max-width: 767px){.kadence-column54_e1928e-52 > .kt-inside-inner-col{flex-direction:column;justify-content:center;}}<\/style>\n<div class=\"wp-block-kadence-column kadence-column54_e1928e-52 inner-column-2\"><div class=\"kt-inside-inner-col\"><style>.kb-image54_2b703a-d8 .kb-image-has-overlay:after{opacity:0.3;border-top-left-radius:15px;border-top-right-radius:15px;border-bottom-right-radius:15px;border-bottom-left-radius:15px;}.kb-image54_2b703a-d8 img.kb-img, .kb-image54_2b703a-d8 .kb-img img{border-top-left-radius:15px;border-top-right-radius:15px;border-bottom-right-radius:15px;border-bottom-left-radius:15px;}@media all and (max-width: 767px){.wp-block-kadence-image.kb-image54_2b703a-d8:not(.kb-specificity-added):not(.kb-extra-specificity-added){margin-right:0px;margin-left:0px;}}<\/style>\n<figure class=\"wp-block-kadence-image kb-image54_2b703a-d8 size-full kb-image-is-ratio-size\"><div class=\"kb-is-ratio-image kb-image-ratio-square\"><img loading=\"lazy\" decoding=\"async\" width=\"1230\" height=\"894\" src=\"https:\/\/tinygiant.fi\/wp-content\/uploads\/2026\/03\/Ukonhauta-2.png\" alt=\"Kuva kuormaajasta, jolla on kauhassa hehkuvan kuumaa ter\u00e4skuonaa. Ukonhauta Oy:n logo edustalla.\" class=\"kb-img wp-image-59\" srcset=\"https:\/\/tinygiant.fi\/wp-content\/uploads\/2026\/03\/Ukonhauta-2.png 1230w, https:\/\/tinygiant.fi\/wp-content\/uploads\/2026\/03\/Ukonhauta-2-300x218.png 300w, https:\/\/tinygiant.fi\/wp-content\/uploads\/2026\/03\/Ukonhauta-2-1024x744.png 1024w, https:\/\/tinygiant.fi\/wp-content\/uploads\/2026\/03\/Ukonhauta-2-768x558.png 768w\" sizes=\"auto, (max-width: 1230px) 100vw, 1230px\" \/><\/div><\/figure>\n<\/div><\/div>\n\n<\/div><\/div>\n\n\n<p>Ukonhauta Oy on teollisuuspalveluihin erikoistunut yritys, joka toimii erityisesti teollisuuden kunnossapidon ja materiaalink\u00e4sittelyn parissa. Yrityksess\u00e4 tunnistettiin mahdollisuus kehitt\u00e4\u00e4 uutta palvelua, joka liittyisi \u00f6ljyisten vesien vastaanottoon ja k\u00e4sittelyyn.<\/p>\n\n\n\n<p>Ajatus perustui havaintoon, ett\u00e4 alueella syntyy teollisuudessa ja huoltotoiminnassa \u00f6ljypitoisia vesi\u00e4, joiden k\u00e4sittely ja vastaanotto vaativat tarkoitukseen soveltuvan infrastruktuurin. Ennen investointip\u00e4\u00e4t\u00f6ksi\u00e4 yritys halusi kuitenkin selvitt\u00e4\u00e4 palvelun kysynt\u00e4\u00e4 ja toteuttamisedellytyksi\u00e4 tarkemmin.<\/p>\n\n\n\n<hr class=\"wp-block-separator has-alpha-channel-opacity\"\/>\n\n\n\n<h2 class=\"wp-block-heading\">Selvityshankkeella tietoa investointip\u00e4\u00e4t\u00f6ksen tueksi<\/h2>\n\n\n\n<p>Yritys k\u00e4ynnisti kehityshankkeen, jonka tavoitteena oli kartoittaa \u00f6ljyisten vesien vastaanottopisteen liiketoiminnallisia ja teknisi\u00e4 edellytyksi\u00e4. Selvityksess\u00e4 tarkasteltiin muun muassa markkinakysynt\u00e4\u00e4, palvelun mahdollisia asiakasryhmi\u00e4 sek\u00e4 investoinnin toteuttamiseen liittyvi\u00e4 vaihtoehtoja ja kustannuksia.<\/p>\n\n\n\n<p>TinyGiant Oy osallistui hankkeen valmisteluun ja rahoitushakemuksen laadintaan. Yhteisty\u00f6ss\u00e4 j\u00e4sennettiin hankkeen tavoitteet, m\u00e4\u00e4riteltiin selvitysty\u00f6n sis\u00e4lt\u00f6 ja laadittiin rahoitushakemus.<\/p>\n\n\n\n<p>Hankkeen tarkoituksena on tuottaa yritykselle riitt\u00e4v\u00e4 tietopohja p\u00e4\u00e4t\u00f6ksenteon tueksi ja luoda edellytykset palvelun mahdolliselle toteuttamiselle.<\/p>\n\n\n\n<hr class=\"wp-block-separator has-alpha-channel-opacity\"\/>\n\n\n\n<h2 class=\"wp-block-heading\">My\u00f6nteinen rahoitusp\u00e4\u00e4t\u00f6s k\u00e4ynnisti selvitysty\u00f6n<\/h2>\n\n\n\n<p>Valmisteltu hanke eteni my\u00f6nteiseen rahoitusp\u00e4\u00e4t\u00f6kseen, mink\u00e4 j\u00e4lkeen selvitysty\u00f6 p\u00e4\u00e4si k\u00e4ynnistym\u00e4\u00e4n suunnitellusti. Selvityshankkeen avulla yritys saa tarkempaa tietoa palvelun markkinapotentiaalista sek\u00e4 investoinnin toteuttamisen edellytyksist\u00e4.<\/p>\n\n\n\n<p>Ukonhauta Oy:n toimitusjohtaja <strong>Olli Tiilikainen<\/strong> kuvaa yhteisty\u00f6t\u00e4 sujuvaksi.<\/p>\n\n\n\n<p><em>&#8221;Antti auttoi j\u00e4sent\u00e4m\u00e4\u00e4n kehitysidean selke\u00e4ksi hankkeeksi ja teki rahoitusprosessista yritykselle eritt\u00e4in sujuvan.&#8221;<\/em><\/p>\n\n\n\n<hr class=\"wp-block-separator has-alpha-channel-opacity\"\/>\n\n\n\n<h2 class=\"wp-block-heading\">Yhteisty\u00f6 jatkuu<\/h2>\n\n\n\n<p>Ensimm\u00e4isen hankkeen viel\u00e4 ollessa k\u00e4ynniss\u00e4 Ukonhauta Oy on jatkanut yrityksen liiketoiminnan kehitt\u00e4mist\u00e4 my\u00f6s uuden kuormauksen et\u00e4ohjauksen k\u00e4ytt\u00f6\u00f6nottoon t\u00e4ht\u00e4\u00e4v\u00e4n hankkeen parissa. My\u00f6s t\u00e4lle toiselle kehityshankkeelle my\u00f6nnettiin rahoitus, ja yhteisty\u00f6 TinyGiantin kanssa jatkuu hankkeen valmistelussa.<\/p>\n\n\n\n<p>Yrityksen kehitysty\u00f6 etenee vaiheittain, ja hankkeet tarjoavat mahdollisuuden tarkastella uusia liiketoimintamahdollisuuksia hallitusti ennen suurempia investointip\u00e4\u00e4t\u00f6ksi\u00e4.<\/p>\n\n\n<style>.kb-row-layout-id54_1eea88-6d > .kt-row-column-wrap{align-content:start;}:where(.kb-row-layout-id54_1eea88-6d > .kt-row-column-wrap) > .wp-block-kadence-column{justify-content:start;}.kb-row-layout-id54_1eea88-6d > .kt-row-column-wrap{column-gap:var(--global-kb-gap-md, 2rem);row-gap:var(--global-kb-gap-md, 2rem);max-width:var( --global-content-width, 1290px );padding-left:var(--global-content-edge-padding);padding-right:var(--global-content-edge-padding);padding-top:var(--global-kb-spacing-lg, 3rem);padding-right:var(--global-kb-spacing-lg, 3rem);padding-bottom:var(--global-kb-spacing-lg, 3rem);padding-left:var(--global-kb-spacing-lg, 3rem);grid-template-columns:minmax(0, calc(70% - ((var(--global-kb-gap-md, 2rem) * 1 )\/2)))minmax(0, calc(30% - ((var(--global-kb-gap-md, 2rem) * 1 )\/2)));}.kb-row-layout-id54_1eea88-6d{border-top-left-radius:14px;border-top-right-radius:14px;border-bottom-right-radius:14px;border-bottom-left-radius:14px;isolation:isolate;}.kb-row-layout-id54_1eea88-6d > .kt-row-layout-overlay{border-top-left-radius:14px;border-top-right-radius:14px;border-bottom-right-radius:14px;border-bottom-left-radius:14px;}.kb-row-layout-id54_1eea88-6d > .kt-row-layout-overlay{opacity:0.30;}@media all and (max-width: 1024px){.kb-row-layout-id54_1eea88-6d > .kt-row-column-wrap{grid-template-columns:repeat(2, minmax(0, 1fr));}}@media all and (max-width: 767px){.kb-row-layout-id54_1eea88-6d > .kt-row-column-wrap{padding-top:var(--global-kb-spacing-sm, 1.5rem);padding-right:var(--global-kb-spacing-sm, 1.5rem);padding-bottom:var(--global-kb-spacing-sm, 1.5rem);padding-left:var(--global-kb-spacing-sm, 1.5rem);grid-template-columns:minmax(0, 1fr);}}<\/style><div class=\"kb-row-layout-wrap kb-row-layout-id54_1eea88-6d alignfull has-theme-palette7-background-color kt-row-has-bg wp-block-kadence-rowlayout\"><div class=\"kt-row-column-wrap kt-has-2-columns kt-row-layout-equal kt-tab-layout-inherit kt-mobile-layout-row kt-row-valign-top kb-theme-content-width\">\n<style>.kadence-column54_c9cbfe-89 > .kt-inside-inner-col{display:flex;}.kadence-column54_c9cbfe-89 > .kt-inside-inner-col,.kadence-column54_c9cbfe-89 > .kt-inside-inner-col:before{border-top-left-radius:0px;border-top-right-radius:0px;border-bottom-right-radius:0px;border-bottom-left-radius:0px;}.kadence-column54_c9cbfe-89 > .kt-inside-inner-col{column-gap:var(--global-kb-gap-sm, 1rem);}.kadence-column54_c9cbfe-89 > .kt-inside-inner-col{flex-direction:column;justify-content:center;}.kadence-column54_c9cbfe-89 > .kt-inside-inner-col > .aligncenter{width:100%;}.kt-row-column-wrap > .kadence-column54_c9cbfe-89{align-self:center;}.kt-inner-column-height-full:not(.kt-has-1-columns) > .wp-block-kadence-column.kadence-column54_c9cbfe-89{align-self:auto;}.kt-inner-column-height-full:not(.kt-has-1-columns) > .wp-block-kadence-column.kadence-column54_c9cbfe-89 > .kt-inside-inner-col{flex-direction:column;justify-content:center;}.kadence-column54_c9cbfe-89 > .kt-inside-inner-col:before{opacity:0.3;}.kadence-column54_c9cbfe-89{position:relative;}@media all and (max-width: 1024px){.kt-row-column-wrap > .kadence-column54_c9cbfe-89{align-self:center;}}@media all and (max-width: 1024px){.kt-inner-column-height-full:not(.kt-has-1-columns) > .wp-block-kadence-column.kadence-column54_c9cbfe-89{align-self:auto;}}@media all and (max-width: 1024px){.kt-inner-column-height-full:not(.kt-has-1-columns) > .wp-block-kadence-column.kadence-column54_c9cbfe-89 > .kt-inside-inner-col{flex-direction:column;justify-content:center;}}@media all and (max-width: 1024px){.kadence-column54_c9cbfe-89 > .kt-inside-inner-col{flex-direction:column;justify-content:center;}}@media all and (max-width: 767px){.kt-row-column-wrap > .kadence-column54_c9cbfe-89{align-self:center;}.kt-inner-column-height-full:not(.kt-has-1-columns) > .wp-block-kadence-column.kadence-column54_c9cbfe-89{align-self:auto;}.kt-inner-column-height-full:not(.kt-has-1-columns) > .wp-block-kadence-column.kadence-column54_c9cbfe-89 > .kt-inside-inner-col{flex-direction:column;justify-content:center;}.kadence-column54_c9cbfe-89 > .kt-inside-inner-col{flex-direction:column;justify-content:center;}}<\/style>\n<div class=\"wp-block-kadence-column kadence-column54_c9cbfe-89\"><div class=\"kt-inside-inner-col\"><style>.wp-block-kadence-advancedheading.kt-adv-heading54_df308a-d2, .wp-block-kadence-advancedheading.kt-adv-heading54_df308a-d2[data-kb-block=\"kb-adv-heading54_df308a-d2\"]{text-align:left;font-size:var(--global-kb-font-size-md, 1.25rem);font-style:normal;}.wp-block-kadence-advancedheading.kt-adv-heading54_df308a-d2 mark.kt-highlight, .wp-block-kadence-advancedheading.kt-adv-heading54_df308a-d2[data-kb-block=\"kb-adv-heading54_df308a-d2\"] mark.kt-highlight{font-style:normal;color:#f76a0c;-webkit-box-decoration-break:clone;box-decoration-break:clone;padding-top:0px;padding-right:0px;padding-bottom:0px;padding-left:0px;}.wp-block-kadence-advancedheading.kt-adv-heading54_df308a-d2 img.kb-inline-image, .wp-block-kadence-advancedheading.kt-adv-heading54_df308a-d2[data-kb-block=\"kb-adv-heading54_df308a-d2\"] img.kb-inline-image{width:150px;vertical-align:baseline;}<\/style>\n<h2 class=\"kt-adv-heading54_df308a-d2 wp-block-kadence-advancedheading\" data-kb-block=\"kb-adv-heading54_df308a-d2\">Suunnitteletteko kehityshanketta?<\/h2>\n\n\n<style>.wp-block-kadence-advancedheading.kt-adv-heading54_2d14a5-37, .wp-block-kadence-advancedheading.kt-adv-heading54_2d14a5-37[data-kb-block=\"kb-adv-heading54_2d14a5-37\"]{text-align:left;font-size:var(--global-kb-font-size-md, 1.25rem);font-style:normal;}.wp-block-kadence-advancedheading.kt-adv-heading54_2d14a5-37 mark.kt-highlight, .wp-block-kadence-advancedheading.kt-adv-heading54_2d14a5-37[data-kb-block=\"kb-adv-heading54_2d14a5-37\"] mark.kt-highlight{font-style:normal;color:#f76a0c;-webkit-box-decoration-break:clone;box-decoration-break:clone;padding-top:0px;padding-right:0px;padding-bottom:0px;padding-left:0px;}.wp-block-kadence-advancedheading.kt-adv-heading54_2d14a5-37 img.kb-inline-image, .wp-block-kadence-advancedheading.kt-adv-heading54_2d14a5-37[data-kb-block=\"kb-adv-heading54_2d14a5-37\"] img.kb-inline-image{width:150px;vertical-align:baseline;}<\/style>\n<p class=\"kt-adv-heading54_2d14a5-37 wp-block-kadence-advancedheading\" data-kb-block=\"kb-adv-heading54_2d14a5-37\">Hyvin suunniteltu hanke on usein avain rahoituksen saamiseen. Keskustellaan, miten ideastanne voidaan rakentaa toimiva ja rahoituskelpoinen kokonaisuus.<\/p>\n\n\n<style>.wp-block-kadence-advancedbtn.kb-btns54_a8b4f0-8f{gap:var(--global-kb-gap-xs, 0.5rem );justify-content:flex-start;align-items:center;}.kt-btns54_a8b4f0-8f .kt-button{font-weight:normal;font-style:normal;}.kt-btns54_a8b4f0-8f .kt-btn-wrap-0{margin-right:5px;}.wp-block-kadence-advancedbtn.kt-btns54_a8b4f0-8f .kt-btn-wrap-0 .kt-button{color:#555555;border-color:#555555;}.wp-block-kadence-advancedbtn.kt-btns54_a8b4f0-8f .kt-btn-wrap-0 .kt-button:hover, .wp-block-kadence-advancedbtn.kt-btns54_a8b4f0-8f .kt-btn-wrap-0 .kt-button:focus{color:#ffffff;border-color:#444444;}.wp-block-kadence-advancedbtn.kt-btns54_a8b4f0-8f .kt-btn-wrap-0 .kt-button::before{display:none;}.wp-block-kadence-advancedbtn.kt-btns54_a8b4f0-8f .kt-btn-wrap-0 .kt-button:hover, .wp-block-kadence-advancedbtn.kt-btns54_a8b4f0-8f .kt-btn-wrap-0 .kt-button:focus{background:#444444;}<\/style>\n<div class=\"wp-block-kadence-advancedbtn kb-buttons-wrap kb-btns54_a8b4f0-8f\"><style>ul.menu .wp-block-kadence-advancedbtn .kb-btn54_9ecbed-e3.kb-button{width:initial;}.wp-block-kadence-advancedbtn .kb-btn54_9ecbed-e3.kb-button{font-size:var(--global-kb-font-size-sm, 0.9rem);letter-spacing:1px;text-transform:uppercase;}<\/style><a class=\"kb-button kt-button button kb-btn54_9ecbed-e3 kt-btn-size-standard kt-btn-width-type-auto kb-btn-global-inherit  kt-btn-has-text-true kt-btn-has-svg-false  wp-block-button__link wp-block-kadence-singlebtn\" href=\"https:\/\/tinygiant.fi\/index.php\/ota-yhteytta\/\"><span class=\"kt-btn-inner-text\">Ota yhteytt\u00e4<\/span><\/a><\/div>\n<\/div><\/div>\n\n\n<style>.kadence-column54_ffcb20-a4 > .kt-inside-inner-col,.kadence-column54_ffcb20-a4 > .kt-inside-inner-col:before{border-top-left-radius:0px;border-top-right-radius:0px;border-bottom-right-radius:0px;border-bottom-left-radius:0px;}.kadence-column54_ffcb20-a4 > .kt-inside-inner-col{column-gap:var(--global-kb-gap-sm, 1rem);}.kadence-column54_ffcb20-a4 > .kt-inside-inner-col{flex-direction:column;}.kadence-column54_ffcb20-a4 > .kt-inside-inner-col > .aligncenter{width:100%;}.kadence-column54_ffcb20-a4 > .kt-inside-inner-col:before{opacity:0.3;}.kadence-column54_ffcb20-a4{position:relative;}@media all and (max-width: 1024px){.kadence-column54_ffcb20-a4 > .kt-inside-inner-col{flex-direction:column;justify-content:center;}}@media all and (max-width: 767px){.kadence-column54_ffcb20-a4 > .kt-inside-inner-col{flex-direction:column;justify-content:center;}}<\/style>\n<div class=\"wp-block-kadence-column kadence-column54_ffcb20-a4\"><div class=\"kt-inside-inner-col\"><style>.wp-block-kadence-image.kb-image54_909bff-a6:not(.kb-specificity-added):not(.kb-extra-specificity-added){margin-top:-96px;margin-right:-24px;margin-bottom:-24px;}.kb-image54_909bff-a6.kb-image-is-ratio-size, .kb-image54_909bff-a6 .kb-image-is-ratio-size{max-width:467px;width:100%;}.wp-block-kadence-column > .kt-inside-inner-col > .kb-image54_909bff-a6.kb-image-is-ratio-size, .wp-block-kadence-column > .kt-inside-inner-col > .kb-image54_909bff-a6 .kb-image-is-ratio-size{align-self:unset;}.kb-image54_909bff-a6{max-width:467px;}.image-is-svg.kb-image54_909bff-a6{-webkit-flex:0 1 100%;flex:0 1 100%;}.image-is-svg.kb-image54_909bff-a6 img{width:100%;}.kb-image54_909bff-a6 .kb-image-has-overlay:after{opacity:0.3;border-top-left-radius:10px;border-top-right-radius:10px;border-bottom-right-radius:10px;border-bottom-left-radius:10px;}.kb-image54_909bff-a6 img.kb-img, .kb-image54_909bff-a6 .kb-img img{border-top-left-radius:10px;border-top-right-radius:10px;border-bottom-right-radius:10px;border-bottom-left-radius:10px;}@media all and (max-width: 767px){.wp-block-kadence-image.kb-image54_909bff-a6:not(.kb-specificity-added):not(.kb-extra-specificity-added){margin-top:0px;margin-right:0px;margin-bottom:0px;}}<\/style>\n<figure class=\"wp-block-kadence-image kb-image54_909bff-a6 size-large kb-image-is-ratio-size\"><div class=\"kb-is-ratio-image kb-image-ratio-port34\"><img loading=\"lazy\" decoding=\"async\" width=\"729\" height=\"1024\" src=\"https:\/\/tinygiant.fi\/wp-content\/uploads\/2026\/03\/dsc3490_31438146707_o-729x1024.jpg\" alt=\"Antti Korhonen\" class=\"kb-img wp-image-23\" srcset=\"https:\/\/tinygiant.fi\/wp-content\/uploads\/2026\/03\/dsc3490_31438146707_o-729x1024.jpg 729w, https:\/\/tinygiant.fi\/wp-content\/uploads\/2026\/03\/dsc3490_31438146707_o-213x300.jpg 213w, https:\/\/tinygiant.fi\/wp-content\/uploads\/2026\/03\/dsc3490_31438146707_o-768x1080.jpg 768w, https:\/\/tinygiant.fi\/wp-content\/uploads\/2026\/03\/dsc3490_31438146707_o-1093x1536.jpg 1093w, https:\/\/tinygiant.fi\/wp-content\/uploads\/2026\/03\/dsc3490_31438146707_o.jpg 1457w\" sizes=\"auto, (max-width: 729px) 100vw, 729px\" \/><\/div><\/figure>\n<\/div><\/div>\n\n<\/div><\/div>","protected":false},"excerpt":{"rendered":"<p>Ukonhauta selvitt\u00e4\u00e4 \u00f6ljyisten vesien vastaanottopisteen mahdollisuuksia \u2013 kehityshanke sai rahoituksen Ukonhauta Oy selvitti mahdollisuuksia rakentaa \u00f6ljyisten vesien vastaanottopiste alueen yritysten tarpeisiin. Selvityshankkeessa tarkasteltiin markkinapotentiaalia, toimintamallia ja investoinnin edellytyksi\u00e4. Hankkeen valmistelussa yritys teki yhteisty\u00f6t\u00e4 TinyGiant Oy:n kanssa. Ukonhauta Oy on teollisuuspalveluihin erikoistunut yritys, joka toimii erityisesti teollisuuden kunnossapidon ja materiaalink\u00e4sittelyn parissa. Yrityksess\u00e4 tunnistettiin mahdollisuus kehitt\u00e4\u00e4 uutta&#8230;<\/p>\n","protected":false},"author":1,"featured_media":0,"parent":0,"menu_order":0,"comment_status":"closed","ping_status":"closed","template":"","meta":{"_kad_post_transparent":"","_kad_post_title":"hide","_kad_post_layout":"","_kad_post_sidebar_id":"","_kad_post_content_style":"","_kad_post_vertical_padding":"","_kad_post_feature":"","_kad_post_feature_position":"","_kad_post_header":false,"_kad_post_footer":false,"_kad_post_classname":"","footnotes":""},"class_list":["post-54","page","type-page","status-publish","hentry"],"_links":{"self":[{"href":"https:\/\/tinygiant.fi\/index.php\/wp-json\/wp\/v2\/pages\/54","targetHints":{"allow":["GET"]}}],"collection":[{"href":"https:\/\/tinygiant.fi\/index.php\/wp-json\/wp\/v2\/pages"}],"about":[{"href":"https:\/\/tinygiant.fi\/index.php\/wp-json\/wp\/v2\/types\/page"}],"author":[{"embeddable":true,"href":"https:\/\/tinygiant.fi\/index.php\/wp-json\/wp\/v2\/users\/1"}],"replies":[{"embeddable":true,"href":"https:\/\/tinygiant.fi\/index.php\/wp-json\/wp\/v2\/comments?post=54"}],"version-history":[{"count":6,"href":"https:\/\/tinygiant.fi\/index.php\/wp-json\/wp\/v2\/pages\/54\/revisions"}],"predecessor-version":[{"id":153,"href":"https:\/\/tinygiant.fi\/index.php\/wp-json\/wp\/v2\/pages\/54\/revisions\/153"}],"wp:attachment":[{"href":"https:\/\/tinygiant.fi\/index.php\/wp-json\/wp\/v2\/media?parent=54"}],"curies":[{"name":"wp","href":"https:\/\/api.w.org\/{rel}","templated":true}]}}