{"id":45,"date":"2026-03-10T14:30:47","date_gmt":"2026-03-10T12:30:47","guid":{"rendered":"https:\/\/tinygiant.fi\/?page_id=45"},"modified":"2026-03-11T14:36:42","modified_gmt":"2026-03-11T12:36:42","slug":"case-elektrika-solutions","status":"publish","type":"page","link":"https:\/\/tinygiant.fi\/index.php\/case-elektrika-solutions\/","title":{"rendered":"Case &#8211; Elektrika Solutions"},"content":{"rendered":"<style>.kb-row-layout-id45_4da38e-5b > .kt-row-column-wrap{align-content:center;}:where(.kb-row-layout-id45_4da38e-5b > .kt-row-column-wrap) > .wp-block-kadence-column{justify-content:center;}.kb-row-layout-id45_4da38e-5b > .kt-row-column-wrap{column-gap:var(--global-kb-gap-lg, 4rem);row-gap:var(--global-kb-gap-none, 0rem );max-width:var( --global-content-width, 1290px );padding-left:var(--global-content-edge-padding);padding-right:var(--global-content-edge-padding);padding-bottom:var(--global-kb-spacing-xxl, 5rem);grid-template-columns:minmax(0, calc(55% - ((var(--global-kb-gap-lg, 4rem) * 1 )\/2)))minmax(0, calc(45% - ((var(--global-kb-gap-lg, 4rem) * 1 )\/2)));}.kb-row-layout-id45_4da38e-5b{background-image:linear-gradient(90deg,var(--global-palette7,#EDF2F7) 65%,var(--global-palette9,#ffffff) 65%);}.kb-row-layout-id45_4da38e-5b > .kt-row-layout-overlay{opacity:1;}@media all and (max-width: 1024px){.kb-row-layout-id45_4da38e-5b > .kt-row-column-wrap{column-gap:var(--global-kb-gap-md, 2rem);padding-top:var(--global-kb-spacing-3xl, 6.5rem);padding-bottom:var(--global-kb-spacing-3xl, 6.5rem);grid-template-columns:repeat(2, minmax(0, 1fr));}}@media all and (max-width: 767px){.kb-row-layout-id45_4da38e-5b > .kt-row-column-wrap{padding-top:var(--global-kb-spacing-3xl, 6.5rem);padding-bottom:var(--global-kb-spacing-xl, 4rem);grid-template-columns:minmax(0, 1fr);}}<\/style><div class=\"kb-row-layout-wrap kb-row-layout-id45_4da38e-5b alignfull has-theme-palette8-background-color kt-row-has-bg wp-block-kadence-rowlayout\"><div class=\"kt-row-column-wrap kt-has-2-columns kt-row-layout-equal kt-tab-layout-inherit kt-mobile-layout-row kt-row-valign-middle kb-theme-content-width\">\n<style>.kadence-column45_9b6267-ad > .kt-inside-inner-col,.kadence-column45_9b6267-ad > .kt-inside-inner-col:before{border-top-left-radius:0px;border-top-right-radius:0px;border-bottom-right-radius:0px;border-bottom-left-radius:0px;}.kadence-column45_9b6267-ad > .kt-inside-inner-col{column-gap:var(--global-kb-gap-sm, 1rem);}.kadence-column45_9b6267-ad > .kt-inside-inner-col{flex-direction:column;}.kadence-column45_9b6267-ad > .kt-inside-inner-col > .aligncenter{width:100%;}.kadence-column45_9b6267-ad > .kt-inside-inner-col:before{opacity:0.3;}.kadence-column45_9b6267-ad{position:relative;}@media all and (max-width: 1024px){.kadence-column45_9b6267-ad > .kt-inside-inner-col{padding-right:0px;flex-direction:column;justify-content:center;}}@media all and (max-width: 1024px){.kadence-column45_9b6267-ad{text-align:center;}}@media all and (max-width: 767px){.kadence-column45_9b6267-ad > .kt-inside-inner-col{flex-direction:column;justify-content:center;}.kadence-column45_9b6267-ad, .kt-inside-inner-col > .kadence-column45_9b6267-ad:not(.specificity){margin-bottom:var(--global-kb-spacing-md, 2rem);}}<\/style>\n<div class=\"wp-block-kadence-column kadence-column45_9b6267-ad kb-section-dir-vertical inner-column-1\"><div class=\"kt-inside-inner-col\"><style>.wp-block-kadence-advancedheading.kt-adv-heading45_36cf25-6d, .wp-block-kadence-advancedheading.kt-adv-heading45_36cf25-6d[data-kb-block=\"kb-adv-heading45_36cf25-6d\"]{margin-top:0px;margin-bottom:var(--global-kb-spacing-lg, 3rem);font-size:var(--global-kb-font-size-xxl, 4rem);line-height:1.2;font-style:normal;}.wp-block-kadence-advancedheading.kt-adv-heading45_36cf25-6d mark.kt-highlight, .wp-block-kadence-advancedheading.kt-adv-heading45_36cf25-6d[data-kb-block=\"kb-adv-heading45_36cf25-6d\"] mark.kt-highlight{font-style:normal;color:#f76a0c;-webkit-box-decoration-break:clone;box-decoration-break:clone;padding-top:0px;padding-right:0px;padding-bottom:0px;padding-left:0px;}.wp-block-kadence-advancedheading.kt-adv-heading45_36cf25-6d img.kb-inline-image, .wp-block-kadence-advancedheading.kt-adv-heading45_36cf25-6d[data-kb-block=\"kb-adv-heading45_36cf25-6d\"] img.kb-inline-image{width:150px;vertical-align:baseline;}@media all and (max-width: 1024px){.wp-block-kadence-advancedheading.kt-adv-heading45_36cf25-6d, .wp-block-kadence-advancedheading.kt-adv-heading45_36cf25-6d[data-kb-block=\"kb-adv-heading45_36cf25-6d\"]{font-size:var(--global-kb-font-size-lg, 2rem);text-align:left!important;}}<\/style>\n<h1 class=\"kt-adv-heading45_36cf25-6d wp-block-kadence-advancedheading\" data-kb-block=\"kb-adv-heading45_36cf25-6d\">Elektrika Solutions kehitt\u00e4\u00e4 energiaratkaisua \u2013 kehityshanke eteni rahoitusp\u00e4\u00e4t\u00f6kseen<\/h1>\n\n\n<style>.wp-block-kadence-advancedheading.kt-adv-heading45_c63e53-b4, .wp-block-kadence-advancedheading.kt-adv-heading45_c63e53-b4[data-kb-block=\"kb-adv-heading45_c63e53-b4\"]{font-style:normal;}.wp-block-kadence-advancedheading.kt-adv-heading45_c63e53-b4 mark.kt-highlight, .wp-block-kadence-advancedheading.kt-adv-heading45_c63e53-b4[data-kb-block=\"kb-adv-heading45_c63e53-b4\"] mark.kt-highlight{font-style:normal;color:#f76a0c;-webkit-box-decoration-break:clone;box-decoration-break:clone;padding-top:0px;padding-right:0px;padding-bottom:0px;padding-left:0px;}.wp-block-kadence-advancedheading.kt-adv-heading45_c63e53-b4 img.kb-inline-image, .wp-block-kadence-advancedheading.kt-adv-heading45_c63e53-b4[data-kb-block=\"kb-adv-heading45_c63e53-b4\"] img.kb-inline-image{width:150px;vertical-align:baseline;}@media all and (max-width: 1024px){.wp-block-kadence-advancedheading.kt-adv-heading45_c63e53-b4, .wp-block-kadence-advancedheading.kt-adv-heading45_c63e53-b4[data-kb-block=\"kb-adv-heading45_c63e53-b4\"]{text-align:left!important;}}<\/style>\n<p class=\"kt-adv-heading45_c63e53-b4 wp-block-kadence-advancedheading has-theme-palette-4-color has-text-color\" data-kb-block=\"kb-adv-heading45_c63e53-b4\">Elektrika Solutions Oy valmisteli kehityshanketta, jonka tavoitteena oli pilotoida kysynt\u00e4joustoon perustuvaa energiaratkaisua. TinyGiant Oy auttoi j\u00e4sent\u00e4m\u00e4\u00e4n idean selke\u00e4ksi hankekokonaisuudeksi ja valmistelemaan rahoitushakemuksen, joka eteni my\u00f6nteiseen p\u00e4\u00e4t\u00f6kseen.<\/p>\n<\/div><\/div>\n\n\n<style>.kadence-column45_5e054e-d9 > .kt-inside-inner-col,.kadence-column45_5e054e-d9 > .kt-inside-inner-col:before{border-top-left-radius:0px;border-top-right-radius:0px;border-bottom-right-radius:0px;border-bottom-left-radius:0px;}.kadence-column45_5e054e-d9 > .kt-inside-inner-col{column-gap:var(--global-kb-gap-sm, 1rem);}.kadence-column45_5e054e-d9 > .kt-inside-inner-col{flex-direction:column;}.kadence-column45_5e054e-d9 > .kt-inside-inner-col > .aligncenter{width:100%;}.kadence-column45_5e054e-d9 > .kt-inside-inner-col:before{opacity:0.3;}.kadence-column45_5e054e-d9{position:relative;}@media all and (max-width: 1024px){.kadence-column45_5e054e-d9 > .kt-inside-inner-col{flex-direction:column;justify-content:center;}}@media all and (max-width: 767px){.kadence-column45_5e054e-d9 > .kt-inside-inner-col{flex-direction:column;justify-content:center;}}<\/style>\n<div class=\"wp-block-kadence-column kadence-column45_5e054e-d9 inner-column-2\"><div class=\"kt-inside-inner-col\"><style>.kb-image45_bc3c10-74 .kb-image-has-overlay:after{opacity:0.3;border-top-left-radius:15px;border-top-right-radius:15px;border-bottom-right-radius:15px;border-bottom-left-radius:15px;}.kb-image45_bc3c10-74 img.kb-img, .kb-image45_bc3c10-74 .kb-img img{border-top-left-radius:15px;border-top-right-radius:15px;border-bottom-right-radius:15px;border-bottom-left-radius:15px;}@media all and (max-width: 767px){.wp-block-kadence-image.kb-image45_bc3c10-74:not(.kb-specificity-added):not(.kb-extra-specificity-added){margin-right:0px;margin-left:0px;}}<\/style>\n<figure class=\"wp-block-kadence-image kb-image45_bc3c10-74 size-large kb-image-is-ratio-size\"><div class=\"kb-is-ratio-image kb-image-ratio-square\"><img loading=\"lazy\" decoding=\"async\" width=\"1024\" height=\"410\" src=\"https:\/\/tinygiant.fi\/wp-content\/uploads\/2026\/03\/Elektrika_3-e1628073067963-1920x768.jpg-1024x410.webp\" alt=\"Kuva Elektrikan pakettiautossa, jossa yrityksen logo\" class=\"kb-img wp-image-62\" srcset=\"https:\/\/tinygiant.fi\/wp-content\/uploads\/2026\/03\/Elektrika_3-e1628073067963-1920x768.jpg-1024x410.webp 1024w, https:\/\/tinygiant.fi\/wp-content\/uploads\/2026\/03\/Elektrika_3-e1628073067963-1920x768.jpg-300x120.webp 300w, https:\/\/tinygiant.fi\/wp-content\/uploads\/2026\/03\/Elektrika_3-e1628073067963-1920x768.jpg-768x307.webp 768w, https:\/\/tinygiant.fi\/wp-content\/uploads\/2026\/03\/Elektrika_3-e1628073067963-1920x768.jpg-1536x614.webp 1536w, https:\/\/tinygiant.fi\/wp-content\/uploads\/2026\/03\/Elektrika_3-e1628073067963-1920x768.jpg.webp 1920w\" sizes=\"auto, (max-width: 1024px) 100vw, 1024px\" \/><\/div><\/figure>\n<\/div><\/div>\n\n<\/div><\/div>\n\n\n<p><\/p>\n\n\n\n<p>Elektrika Solutions Oy kehitt\u00e4\u00e4 ratkaisuja energian k\u00e4yt\u00f6n optimointiin ja \u00e4lykk\u00e4\u00e4seen energiank\u00e4ytt\u00f6\u00f6n. Yrityksess\u00e4 oli tunnistettu mahdollisuus uuden energiaratkaisun pilotointiin, mutta hankkeen toteuttaminen edellytti kehitysty\u00f6n tarkempaa suunnittelua sek\u00e4 ulkopuolisen rahoituksen hy\u00f6dynt\u00e4mist\u00e4.<\/p>\n\n\n\n<p>Yritys k\u00e4ynnisti hankkeen valmistelun yhteisty\u00f6ss\u00e4 TinyGiant Oy:n kanssa. Tavoitteena oli rakentaa kehitysideasta selke\u00e4 kokonaisuus, joka tukisi yrityksen liiketoiminnan kehitt\u00e4mist\u00e4 ja t\u00e4ytt\u00e4isi samalla rahoittajan asettamat arviointikriteerit.<\/p>\n\n\n\n<hr class=\"wp-block-separator has-alpha-channel-opacity\"\/>\n\n\n\n<h2 class=\"wp-block-heading\">Kehitysideasta hankekokonaisuudeksi<\/h2>\n\n\n\n<p>Hankkeen valmistelussa keskeist\u00e4 oli kehitysty\u00f6n j\u00e4sent\u00e4minen toteuttamiskelpoiseksi kokonaisuudeksi. Ty\u00f6n aikana m\u00e4\u00e4riteltiin hankkeen tavoitteet, suunniteltiin kehitystoimenpiteet sek\u00e4 laadittiin aikataulu ja budjetti.<\/p>\n\n\n\n<p>Samalla valmisteltiin rahoitushakemus, jossa hankkeen tavoitteet, toimenpiteet ja vaikutukset kuvattiin rahoittajan n\u00e4k\u00f6kulmasta selke\u00e4sti ja johdonmukaisesti.<\/p>\n\n\n\n<p>Huolellinen suunnittelu helpotti sek\u00e4 hakemusvaihetta ett\u00e4 hankkeen my\u00f6hemp\u00e4\u00e4 toteutusta.<\/p>\n\n\n\n<hr class=\"wp-block-separator has-alpha-channel-opacity\"\/>\n\n\n\n<h2 class=\"wp-block-heading\">My\u00f6nteinen rahoitusp\u00e4\u00e4t\u00f6s k\u00e4ynnisti kehitysty\u00f6n<\/h2>\n\n\n\n<p>Valmisteltu hanke eteni my\u00f6nteiseen rahoitusp\u00e4\u00e4t\u00f6kseen, mink\u00e4 j\u00e4lkeen kehitysty\u00f6 p\u00e4\u00e4si k\u00e4ynnistym\u00e4\u00e4n suunnitellusti. Selke\u00e4 hankerakenne loi hyv\u00e4n pohjan projektin toteuttamiselle ja auttoi yrityst\u00e4 viem\u00e4\u00e4n kehitysty\u00f6t\u00e4 eteenp\u00e4in hallitusti.<\/p>\n\n\n\n<p>Elektrika Solutionsin toimitusjohtaja Lauri Kauppinen kuvaa yhteisty\u00f6t\u00e4 sujuvaksi.<\/p>\n\n\n\n<p><em><em><em><em><em>\u201cMeill\u00e4 oli vahva tekninen n\u00e4kemys, mutta hankkeen j\u00e4sent\u00e4minen rahoittajan n\u00e4k\u00f6kulmasta ei ollut yksinkertaista. Antti auttoi meit\u00e4 kirkastamaan kokonaisuuden ja tekem\u00e4\u00e4n ideasta rahoituskelpoisen ja vaikuttavan kehitt\u00e4mishankkeen. Prosessi oli selke\u00e4 ja ammattimainen \u2013 ja lopputulos puhui puolestaan.\u201d<\/em><\/em><\/em><\/em><\/em> Kauppinen kertoo.<\/p>\n\n\n<style>.kb-row-layout-id45_8ae686-96 > .kt-row-column-wrap{align-content:start;}:where(.kb-row-layout-id45_8ae686-96 > .kt-row-column-wrap) > .wp-block-kadence-column{justify-content:start;}.kb-row-layout-id45_8ae686-96 > .kt-row-column-wrap{column-gap:var(--global-kb-gap-md, 2rem);row-gap:var(--global-kb-gap-md, 2rem);padding-top:var(--global-kb-spacing-lg, 3rem);padding-bottom:var(--global-kb-spacing-3xl, 6.5rem);grid-template-columns:minmax(0, 1fr);}.kb-row-layout-id45_8ae686-96 > .kt-row-layout-overlay{opacity:0.30;}@media all and (max-width: 1024px){.kb-row-layout-id45_8ae686-96 > .kt-row-column-wrap{grid-template-columns:minmax(0, 1fr);}}@media all and (max-width: 767px){.kb-row-layout-id45_8ae686-96 > .kt-row-column-wrap{grid-template-columns:minmax(0, 1fr);}}<\/style><div class=\"kb-row-layout-wrap kb-row-layout-id45_8ae686-96 alignfull has-theme-palette8-background-color kt-row-has-bg wp-block-kadence-rowlayout\"><div class=\"kt-row-column-wrap kt-has-1-columns kt-row-layout-equal kt-tab-layout-inherit kt-mobile-layout-row kt-row-valign-top\">\n<style>.kadence-column45_55c7e6-a3 > .kt-inside-inner-col,.kadence-column45_55c7e6-a3 > .kt-inside-inner-col:before{border-top-left-radius:0px;border-top-right-radius:0px;border-bottom-right-radius:0px;border-bottom-left-radius:0px;}.kadence-column45_55c7e6-a3 > .kt-inside-inner-col{column-gap:var(--global-kb-gap-sm, 1rem);}.kadence-column45_55c7e6-a3 > .kt-inside-inner-col{flex-direction:column;}.kadence-column45_55c7e6-a3 > .kt-inside-inner-col > .aligncenter{width:100%;}.kadence-column45_55c7e6-a3 > .kt-inside-inner-col:before{opacity:0.3;}.kadence-column45_55c7e6-a3{position:relative;}@media all and (max-width: 1024px){.kadence-column45_55c7e6-a3 > .kt-inside-inner-col{flex-direction:column;justify-content:center;}}@media all and (max-width: 767px){.kadence-column45_55c7e6-a3 > .kt-inside-inner-col{flex-direction:column;justify-content:center;}}<\/style>\n<div class=\"wp-block-kadence-column kadence-column45_55c7e6-a3\"><div class=\"kt-inside-inner-col\"><style>.kb-row-layout-id45_1e8d1a-62 > .kt-row-column-wrap{align-content:start;}:where(.kb-row-layout-id45_1e8d1a-62 > .kt-row-column-wrap) > .wp-block-kadence-column{justify-content:start;}.kb-row-layout-id45_1e8d1a-62 > .kt-row-column-wrap{column-gap:var(--global-kb-gap-md, 2rem);row-gap:var(--global-kb-gap-md, 2rem);max-width:var( --global-content-width, 1290px );padding-left:var(--global-content-edge-padding);padding-right:var(--global-content-edge-padding);padding-top:var(--global-kb-spacing-lg, 3rem);padding-right:var(--global-kb-spacing-lg, 3rem);padding-bottom:var(--global-kb-spacing-lg, 3rem);padding-left:var(--global-kb-spacing-lg, 3rem);grid-template-columns:minmax(0, calc(70% - ((var(--global-kb-gap-md, 2rem) * 1 )\/2)))minmax(0, calc(30% - ((var(--global-kb-gap-md, 2rem) * 1 )\/2)));}.kb-row-layout-id45_1e8d1a-62{border-top-left-radius:14px;border-top-right-radius:14px;border-bottom-right-radius:14px;border-bottom-left-radius:14px;isolation:isolate;}.kb-row-layout-id45_1e8d1a-62 > .kt-row-layout-overlay{border-top-left-radius:14px;border-top-right-radius:14px;border-bottom-right-radius:14px;border-bottom-left-radius:14px;}.kb-row-layout-id45_1e8d1a-62 > .kt-row-layout-overlay{opacity:0.30;}@media all and (max-width: 1024px){.kb-row-layout-id45_1e8d1a-62 > .kt-row-column-wrap{grid-template-columns:repeat(2, minmax(0, 1fr));}}@media all and (max-width: 767px){.kb-row-layout-id45_1e8d1a-62 > .kt-row-column-wrap{padding-top:var(--global-kb-spacing-sm, 1.5rem);padding-right:var(--global-kb-spacing-sm, 1.5rem);padding-bottom:var(--global-kb-spacing-sm, 1.5rem);padding-left:var(--global-kb-spacing-sm, 1.5rem);grid-template-columns:minmax(0, 1fr);}}<\/style><div class=\"kb-row-layout-wrap kb-row-layout-id45_1e8d1a-62 alignfull has-theme-palette7-background-color kt-row-has-bg wp-block-kadence-rowlayout\"><div class=\"kt-row-column-wrap kt-has-2-columns kt-row-layout-equal kt-tab-layout-inherit kt-mobile-layout-row kt-row-valign-top kb-theme-content-width\">\n<style>.kadence-column45_99d76b-b4 > .kt-inside-inner-col{display:flex;}.kadence-column45_99d76b-b4 > .kt-inside-inner-col,.kadence-column45_99d76b-b4 > .kt-inside-inner-col:before{border-top-left-radius:0px;border-top-right-radius:0px;border-bottom-right-radius:0px;border-bottom-left-radius:0px;}.kadence-column45_99d76b-b4 > .kt-inside-inner-col{column-gap:var(--global-kb-gap-sm, 1rem);}.kadence-column45_99d76b-b4 > .kt-inside-inner-col{flex-direction:column;justify-content:center;}.kadence-column45_99d76b-b4 > .kt-inside-inner-col > .aligncenter{width:100%;}.kt-row-column-wrap > .kadence-column45_99d76b-b4{align-self:center;}.kt-inner-column-height-full:not(.kt-has-1-columns) > .wp-block-kadence-column.kadence-column45_99d76b-b4{align-self:auto;}.kt-inner-column-height-full:not(.kt-has-1-columns) > .wp-block-kadence-column.kadence-column45_99d76b-b4 > .kt-inside-inner-col{flex-direction:column;justify-content:center;}.kadence-column45_99d76b-b4 > .kt-inside-inner-col:before{opacity:0.3;}.kadence-column45_99d76b-b4{position:relative;}@media all and (max-width: 1024px){.kt-row-column-wrap > .kadence-column45_99d76b-b4{align-self:center;}}@media all and (max-width: 1024px){.kt-inner-column-height-full:not(.kt-has-1-columns) > .wp-block-kadence-column.kadence-column45_99d76b-b4{align-self:auto;}}@media all and (max-width: 1024px){.kt-inner-column-height-full:not(.kt-has-1-columns) > .wp-block-kadence-column.kadence-column45_99d76b-b4 > .kt-inside-inner-col{flex-direction:column;justify-content:center;}}@media all and (max-width: 1024px){.kadence-column45_99d76b-b4 > .kt-inside-inner-col{flex-direction:column;justify-content:center;}}@media all and (max-width: 767px){.kt-row-column-wrap > .kadence-column45_99d76b-b4{align-self:center;}.kt-inner-column-height-full:not(.kt-has-1-columns) > .wp-block-kadence-column.kadence-column45_99d76b-b4{align-self:auto;}.kt-inner-column-height-full:not(.kt-has-1-columns) > .wp-block-kadence-column.kadence-column45_99d76b-b4 > .kt-inside-inner-col{flex-direction:column;justify-content:center;}.kadence-column45_99d76b-b4 > .kt-inside-inner-col{flex-direction:column;justify-content:center;}}<\/style>\n<div class=\"wp-block-kadence-column kadence-column45_99d76b-b4\"><div class=\"kt-inside-inner-col\"><style>.wp-block-kadence-advancedheading.kt-adv-heading45_30706a-3d, .wp-block-kadence-advancedheading.kt-adv-heading45_30706a-3d[data-kb-block=\"kb-adv-heading45_30706a-3d\"]{text-align:left;font-size:var(--global-kb-font-size-md, 1.25rem);font-style:normal;}.wp-block-kadence-advancedheading.kt-adv-heading45_30706a-3d mark.kt-highlight, .wp-block-kadence-advancedheading.kt-adv-heading45_30706a-3d[data-kb-block=\"kb-adv-heading45_30706a-3d\"] mark.kt-highlight{font-style:normal;color:#f76a0c;-webkit-box-decoration-break:clone;box-decoration-break:clone;padding-top:0px;padding-right:0px;padding-bottom:0px;padding-left:0px;}.wp-block-kadence-advancedheading.kt-adv-heading45_30706a-3d img.kb-inline-image, .wp-block-kadence-advancedheading.kt-adv-heading45_30706a-3d[data-kb-block=\"kb-adv-heading45_30706a-3d\"] img.kb-inline-image{width:150px;vertical-align:baseline;}<\/style>\n<h2 class=\"kt-adv-heading45_30706a-3d wp-block-kadence-advancedheading\" data-kb-block=\"kb-adv-heading45_30706a-3d\">Suunnitteletteko kehityshanketta?<\/h2>\n\n\n<style>.wp-block-kadence-advancedheading.kt-adv-heading45_70b3c6-71, .wp-block-kadence-advancedheading.kt-adv-heading45_70b3c6-71[data-kb-block=\"kb-adv-heading45_70b3c6-71\"]{text-align:left;font-size:var(--global-kb-font-size-md, 1.25rem);font-style:normal;}.wp-block-kadence-advancedheading.kt-adv-heading45_70b3c6-71 mark.kt-highlight, .wp-block-kadence-advancedheading.kt-adv-heading45_70b3c6-71[data-kb-block=\"kb-adv-heading45_70b3c6-71\"] mark.kt-highlight{font-style:normal;color:#f76a0c;-webkit-box-decoration-break:clone;box-decoration-break:clone;padding-top:0px;padding-right:0px;padding-bottom:0px;padding-left:0px;}.wp-block-kadence-advancedheading.kt-adv-heading45_70b3c6-71 img.kb-inline-image, .wp-block-kadence-advancedheading.kt-adv-heading45_70b3c6-71[data-kb-block=\"kb-adv-heading45_70b3c6-71\"] img.kb-inline-image{width:150px;vertical-align:baseline;}<\/style>\n<p class=\"kt-adv-heading45_70b3c6-71 wp-block-kadence-advancedheading\" data-kb-block=\"kb-adv-heading45_70b3c6-71\">Hyvin suunniteltu hanke on usein avain rahoituksen saamiseen. Keskustellaan, miten ideastanne voidaan rakentaa toimiva ja rahoituskelpoinen kokonaisuus.<\/p>\n\n\n<style>.wp-block-kadence-advancedbtn.kb-btns45_7a5625-a7{gap:var(--global-kb-gap-xs, 0.5rem );justify-content:flex-start;align-items:center;}.kt-btns45_7a5625-a7 .kt-button{font-weight:normal;font-style:normal;}.kt-btns45_7a5625-a7 .kt-btn-wrap-0{margin-right:5px;}.wp-block-kadence-advancedbtn.kt-btns45_7a5625-a7 .kt-btn-wrap-0 .kt-button{color:#555555;border-color:#555555;}.wp-block-kadence-advancedbtn.kt-btns45_7a5625-a7 .kt-btn-wrap-0 .kt-button:hover, .wp-block-kadence-advancedbtn.kt-btns45_7a5625-a7 .kt-btn-wrap-0 .kt-button:focus{color:#ffffff;border-color:#444444;}.wp-block-kadence-advancedbtn.kt-btns45_7a5625-a7 .kt-btn-wrap-0 .kt-button::before{display:none;}.wp-block-kadence-advancedbtn.kt-btns45_7a5625-a7 .kt-btn-wrap-0 .kt-button:hover, .wp-block-kadence-advancedbtn.kt-btns45_7a5625-a7 .kt-btn-wrap-0 .kt-button:focus{background:#444444;}<\/style>\n<div class=\"wp-block-kadence-advancedbtn kb-buttons-wrap kb-btns45_7a5625-a7\"><style>ul.menu .wp-block-kadence-advancedbtn .kb-btn45_1d4d8e-0e.kb-button{width:initial;}.wp-block-kadence-advancedbtn .kb-btn45_1d4d8e-0e.kb-button{font-size:var(--global-kb-font-size-sm, 0.9rem);letter-spacing:1px;text-transform:uppercase;}<\/style><a class=\"kb-button kt-button button kb-btn45_1d4d8e-0e kt-btn-size-standard kt-btn-width-type-auto kb-btn-global-inherit  kt-btn-has-text-true kt-btn-has-svg-false  wp-block-button__link wp-block-kadence-singlebtn\" href=\"https:\/\/tinygiant.fi\/index.php\/ota-yhteytta\/\"><span class=\"kt-btn-inner-text\">Ota yhteytt\u00e4<\/span><\/a><\/div>\n<\/div><\/div>\n\n\n<style>.kadence-column45_9ac4fb-c3 > .kt-inside-inner-col,.kadence-column45_9ac4fb-c3 > .kt-inside-inner-col:before{border-top-left-radius:0px;border-top-right-radius:0px;border-bottom-right-radius:0px;border-bottom-left-radius:0px;}.kadence-column45_9ac4fb-c3 > .kt-inside-inner-col{column-gap:var(--global-kb-gap-sm, 1rem);}.kadence-column45_9ac4fb-c3 > .kt-inside-inner-col{flex-direction:column;}.kadence-column45_9ac4fb-c3 > .kt-inside-inner-col > .aligncenter{width:100%;}.kadence-column45_9ac4fb-c3 > .kt-inside-inner-col:before{opacity:0.3;}.kadence-column45_9ac4fb-c3{position:relative;}@media all and (max-width: 1024px){.kadence-column45_9ac4fb-c3 > .kt-inside-inner-col{flex-direction:column;justify-content:center;}}@media all and (max-width: 767px){.kadence-column45_9ac4fb-c3 > .kt-inside-inner-col{flex-direction:column;justify-content:center;}}<\/style>\n<div class=\"wp-block-kadence-column kadence-column45_9ac4fb-c3\"><div class=\"kt-inside-inner-col\"><style>.wp-block-kadence-image.kb-image45_b7ea30-30:not(.kb-specificity-added):not(.kb-extra-specificity-added){margin-top:-96px;margin-right:-24px;margin-bottom:-24px;}.kb-image45_b7ea30-30.kb-image-is-ratio-size, .kb-image45_b7ea30-30 .kb-image-is-ratio-size{max-width:467px;width:100%;}.wp-block-kadence-column > .kt-inside-inner-col > .kb-image45_b7ea30-30.kb-image-is-ratio-size, .wp-block-kadence-column > .kt-inside-inner-col > .kb-image45_b7ea30-30 .kb-image-is-ratio-size{align-self:unset;}.kb-image45_b7ea30-30{max-width:467px;}.image-is-svg.kb-image45_b7ea30-30{-webkit-flex:0 1 100%;flex:0 1 100%;}.image-is-svg.kb-image45_b7ea30-30 img{width:100%;}.kb-image45_b7ea30-30 .kb-image-has-overlay:after{opacity:0.3;border-top-left-radius:10px;border-top-right-radius:10px;border-bottom-right-radius:10px;border-bottom-left-radius:10px;}.kb-image45_b7ea30-30 img.kb-img, .kb-image45_b7ea30-30 .kb-img img{border-top-left-radius:10px;border-top-right-radius:10px;border-bottom-right-radius:10px;border-bottom-left-radius:10px;}@media all and (max-width: 767px){.wp-block-kadence-image.kb-image45_b7ea30-30:not(.kb-specificity-added):not(.kb-extra-specificity-added){margin-top:0px;margin-right:0px;margin-bottom:0px;}}<\/style>\n<figure class=\"wp-block-kadence-image kb-image45_b7ea30-30 size-large kb-image-is-ratio-size\"><div class=\"kb-is-ratio-image kb-image-ratio-port34\"><img loading=\"lazy\" decoding=\"async\" width=\"729\" height=\"1024\" src=\"https:\/\/tinygiant.fi\/wp-content\/uploads\/2026\/03\/dsc3490_31438146707_o-729x1024.jpg\" alt=\"Antti Korhonen\" class=\"kb-img wp-image-23\" srcset=\"https:\/\/tinygiant.fi\/wp-content\/uploads\/2026\/03\/dsc3490_31438146707_o-729x1024.jpg 729w, https:\/\/tinygiant.fi\/wp-content\/uploads\/2026\/03\/dsc3490_31438146707_o-213x300.jpg 213w, https:\/\/tinygiant.fi\/wp-content\/uploads\/2026\/03\/dsc3490_31438146707_o-768x1080.jpg 768w, https:\/\/tinygiant.fi\/wp-content\/uploads\/2026\/03\/dsc3490_31438146707_o-1093x1536.jpg 1093w, https:\/\/tinygiant.fi\/wp-content\/uploads\/2026\/03\/dsc3490_31438146707_o.jpg 1457w\" sizes=\"auto, (max-width: 729px) 100vw, 729px\" \/><\/div><\/figure>\n<\/div><\/div>\n\n<\/div><\/div><\/div><\/div>\n\n<\/div><\/div>\n\n\n<p><\/p>\n","protected":false},"excerpt":{"rendered":"<p>Elektrika Solutions kehitt\u00e4\u00e4 energiaratkaisua \u2013 kehityshanke eteni rahoitusp\u00e4\u00e4t\u00f6kseen Elektrika Solutions Oy valmisteli kehityshanketta, jonka tavoitteena oli pilotoida kysynt\u00e4joustoon perustuvaa energiaratkaisua. TinyGiant Oy auttoi j\u00e4sent\u00e4m\u00e4\u00e4n idean selke\u00e4ksi hankekokonaisuudeksi ja valmistelemaan rahoitushakemuksen, joka eteni my\u00f6nteiseen p\u00e4\u00e4t\u00f6kseen. Elektrika Solutions Oy kehitt\u00e4\u00e4 ratkaisuja energian k\u00e4yt\u00f6n optimointiin ja \u00e4lykk\u00e4\u00e4seen energiank\u00e4ytt\u00f6\u00f6n. Yrityksess\u00e4 oli tunnistettu mahdollisuus uuden energiaratkaisun pilotointiin, mutta hankkeen toteuttaminen&#8230;<\/p>\n","protected":false},"author":1,"featured_media":0,"parent":0,"menu_order":0,"comment_status":"closed","ping_status":"closed","template":"","meta":{"_kad_post_transparent":"","_kad_post_title":"hide","_kad_post_layout":"default","_kad_post_sidebar_id":"","_kad_post_content_style":"","_kad_post_vertical_padding":"","_kad_post_feature":"","_kad_post_feature_position":"","_kad_post_header":false,"_kad_post_footer":false,"_kad_post_classname":"","footnotes":""},"class_list":["post-45","page","type-page","status-publish","hentry"],"_links":{"self":[{"href":"https:\/\/tinygiant.fi\/index.php\/wp-json\/wp\/v2\/pages\/45","targetHints":{"allow":["GET"]}}],"collection":[{"href":"https:\/\/tinygiant.fi\/index.php\/wp-json\/wp\/v2\/pages"}],"about":[{"href":"https:\/\/tinygiant.fi\/index.php\/wp-json\/wp\/v2\/types\/page"}],"author":[{"embeddable":true,"href":"https:\/\/tinygiant.fi\/index.php\/wp-json\/wp\/v2\/users\/1"}],"replies":[{"embeddable":true,"href":"https:\/\/tinygiant.fi\/index.php\/wp-json\/wp\/v2\/comments?post=45"}],"version-history":[{"count":10,"href":"https:\/\/tinygiant.fi\/index.php\/wp-json\/wp\/v2\/pages\/45\/revisions"}],"predecessor-version":[{"id":152,"href":"https:\/\/tinygiant.fi\/index.php\/wp-json\/wp\/v2\/pages\/45\/revisions\/152"}],"wp:attachment":[{"href":"https:\/\/tinygiant.fi\/index.php\/wp-json\/wp\/v2\/media?parent=45"}],"curies":[{"name":"wp","href":"https:\/\/api.w.org\/{rel}","templated":true}]}}